{"id":3362,"date":"2023-09-14T12:03:00","date_gmt":"2023-09-14T11:03:00","guid":{"rendered":"https:\/\/splaw.gr\/?page_id=3362"},"modified":"2024-05-19T14:23:23","modified_gmt":"2024-05-19T13:23:23","slug":"%ce%b5%ce%ba%cf%80%cf%81%ce%bf%cf%83%cf%89%cf%80%ce%b7%cf%83%ce%b7-%cf%83%cf%84%ce%b1-%ce%b4%ce%b9%ce%ba%ce%b1%cf%83%cf%84%ce%b7%cf%81%ce%b9%ce%b1","status":"publish","type":"page","link":"https:\/\/www.splaw.gr\/fr\/%ce%b5%ce%ba%cf%80%cf%81%ce%bf%cf%83%cf%89%cf%80%ce%b7%cf%83%ce%b7-%cf%83%cf%84%ce%b1-%ce%b4%ce%b9%ce%ba%ce%b1%cf%83%cf%84%ce%b7%cf%81%ce%b9%ce%b1\/","title":{"rendered":"REPR\u00c9SENTATION JUDICIAIRE"},"content":{"rendered":"<div data-elementor-type=\"wp-post\" data-elementor-id=\"3362\" class=\"elementor elementor-3362\">\n\t\t\t\t\t\t<div class=\"elementor-inner\">\n\t\t\t\t<div class=\"elementor-section-wrap\">\n\t\t\t\t\t\t\t\t\t<section class=\"elementor-section elementor-top-section elementor-element elementor-element-f203207 elementor-section-boxed elementor-section-height-default elementor-section-height-default\" data-id=\"f203207\" data-element_type=\"section\">\n\t\t\t\t\t\t<div class=\"elementor-container elementor-column-gap-extended\">\n\t\t\t\t\t\t\t<div class=\"elementor-row\">\n\t\t\t\t\t<div class=\"elementor-column elementor-col-100 elementor-top-column elementor-element elementor-element-c34f989 sc_inner_width_none sc_layouts_column_icons_position_left\" data-id=\"c34f989\" data-element_type=\"column\">\n\t\t\t<div class=\"elementor-column-wrap elementor-element-populated\">\n\t\t\t\t\t\t\t<div class=\"elementor-widget-wrap\">\n\t\t\t\t\t\t<div class=\"elementor-element elementor-element-d03d81c sc_fly_static elementor-widget elementor-widget-spacer\" data-id=\"d03d81c\" data-element_type=\"widget\" data-widget_type=\"spacer.default\">\n\t\t\t\t<div class=\"elementor-widget-container\">\n\t\t\t\t\t<div class=\"elementor-spacer\">\n\t\t\t<div class=\"elementor-spacer-inner\"><\/div>\n\t\t<\/div>\n\t\t\t\t<\/div>\n\t\t\t\t<\/div>\n\t\t\t\t<div class=\"elementor-element elementor-element-098c210 sc_fly_static elementor-widget elementor-widget-text-editor\" data-id=\"098c210\" data-element_type=\"widget\" data-widget_type=\"text-editor.default\">\n\t\t\t\t<div class=\"elementor-widget-container\">\n\t\t\t\t\t\t\t\t<div class=\"elementor-text-editor elementor-clearfix\">\n\t\t\t\t<p>Notre cabinet dispose d'une vaste exp\u00e9rience dans le traitement des affaires de droit civil devant tous les tribunaux civils ordinaires, constituant notre principale pratique judiciaire. Concernant la repr\u00e9sentation devant les tribunaux p\u00e9naux, nous assurons la d\u00e9fense de nos clients ainsi que le soutien \u00e0 l'accusation, depuis la phase pr\u00e9liminaire jusqu'\u00e0 l'audience.<\/p><p>Lors du traitement de chaque affaire, nous analysons en d\u00e9tail les faits et les preuves, et nous examinons minutieusement et s\u00e9lectionnons la strat\u00e9gie juridique appropri\u00e9e, en tenant compte de la jurisprudence des tribunaux grecs et internationaux. Nous prenons en charge des affaires \u00e0 Ath\u00e8nes, en Attique, ainsi que dans les d\u00e9partements voisins. Avec l\u2019accord de nos clients, nous sommes \u00e9galement en mesure de les repr\u00e9senter devant tout tribunal en Gr\u00e8ce.<\/p>\t\t\t\t\t<\/div>\n\t\t\t\t\t\t<\/div>\n\t\t\t\t<\/div>\n\t\t\t\t\t\t<\/div>\n\t\t\t\t\t<\/div>\n\t\t<\/div>\n\t\t\t\t\t\t\t\t<\/div>\n\t\t\t\t\t<\/div>\n\t\t<\/section>\n\t\t\t\t<section class=\"elementor-section elementor-top-section elementor-element elementor-element-650493e elementor-section-full_width elementor-section-height-default elementor-section-height-default\" data-id=\"650493e\" data-element_type=\"section\">\n\t\t\t\t\t\t<div class=\"elementor-container elementor-column-gap-extended\">\n\t\t\t\t\t\t\t<div class=\"elementor-row\">\n\t\t\t\t\t<div class=\"elementor-column elementor-col-100 elementor-top-column elementor-element elementor-element-8eac7fd sc_inner_width_none sc_layouts_column_icons_position_left\" data-id=\"8eac7fd\" data-element_type=\"column\">\n\t\t\t<div class=\"elementor-column-wrap elementor-element-populated\">\n\t\t\t\t\t\t\t<div class=\"elementor-widget-wrap\">\n\t\t\t\t\t\t<div class=\"elementor-element elementor-element-55767f7 pearson_custom_icons_chess_even sc_fly_static elementor-widget elementor-widget-trx_sc_icons\" data-id=\"55767f7\" data-element_type=\"widget\" data-widget_type=\"trx_sc_icons.default\">\n\t\t\t\t<div class=\"elementor-widget-container\">\n\t\t\t<div id=\"trx_sc_icons_1725191762\" \n\tclass=\"sc_icons sc_icons_modern sc_icons_size_small sc_align_center\"><div class=\"sc_icons_columns_wrap sc_item_columns trx_addons_columns_wrap columns_padding_bottom\"><div class=\"trx_addons_column-1_3\"><div class=\"sc_icons_item sc_icons_item_linked\"><div class=\"sc_icons_icon sc_icon_type_ icon-handcuffs\"><span class=\"sc_icon_type_ icon-handcuffs\"><\/span><\/div><div class=\"sc_icons_item_details\"><h4 class=\"sc_icons_item_title\"><span>DROIT P\u00c9NAL<\/span><\/h4><a href=\"https:\/\/www.splaw.gr\/fr\/\u03c0\u03bf\u03b9\u03bd\u03b9\u03ba\u03bf-\u03b4\u03b9\u03ba\u03b1\u03b9\u03bf\/\"\n\t\t\t\t\t\tclass=\"sc_icons_item_link\"><\/a><\/div><\/div><\/div><div class=\"trx_addons_column-1_3\"><div class=\"sc_icons_item sc_icons_item_linked\"><div class=\"sc_icons_icon sc_icon_type_ icon-user-light\"><span class=\"sc_icon_type_ icon-user-light\"><\/span><\/div><div class=\"sc_icons_item_details\"><h4 class=\"sc_icons_item_title\"><span>DROIT CIVIL<\/span><\/h4><a href=\"https:\/\/www.splaw.gr\/fr\/\u03b1\u03c3\u03c4\u03b9\u03ba\u03bf-\u03b4\u03b9\u03ba\u03b1\u03b9\u03bf\/\"\n\t\t\t\t\t\tclass=\"sc_icons_item_link\"><\/a><\/div><\/div><\/div><div class=\"trx_addons_column-1_3\"><div class=\"sc_icons_item sc_icons_item_linked\"><div class=\"sc_icons_icon sc_icon_type_ icon-money-light\"><span class=\"sc_icon_type_ icon-money-light\"><\/span><\/div><div class=\"sc_icons_item_details\"><h4 class=\"sc_icons_item_title\"><span>DETTES AUX BANQUES ET \u00c0 L'\u00c9TAT<\/span><\/h4><a href=\"https:\/\/www.splaw.gr\/fr\/\u03bf\u03c6\u03b5\u03b9\u03bb\u03b5\u03c3-\u03c3\u03b5-\u03c4\u03c1\u03b1\u03c0\u03b5\u03b6\u03b5\u03c3-\u03b4\u03b7\u03bc\u03bf\u03c3\u03b9\u03bf\/\"\n\t\t\t\t\t\tclass=\"sc_icons_item_link\"><\/a><\/div><\/div><\/div><div class=\"trx_addons_column-1_3\"><div class=\"sc_icons_item sc_icons_item_linked\"><div class=\"sc_icons_icon sc_icon_type_ icon-home\"><span class=\"sc_icon_type_ icon-home\"><\/span><\/div><div class=\"sc_icons_item_details\"><h4 class=\"sc_icons_item_title\"><span>DROIT DE PROPRI\u00c9T\u00c9 - DROIT IMMOBILIER<\/span><\/h4><a href=\"https:\/\/www.splaw.gr\/fr\/\u03b1\u03ba\u03b9\u03bd\u03b7\u03c4\u03b1-real-estate\/\"\n\t\t\t\t\t\tclass=\"sc_icons_item_link\"><\/a><\/div><\/div><\/div><div class=\"trx_addons_column-1_3\"><div class=\"sc_icons_item sc_icons_item_linked\"><div class=\"sc_icons_icon sc_icon_type_ icon-users-group\"><span class=\"sc_icon_type_ icon-users-group\"><\/span><\/div><div class=\"sc_icons_item_details\"><h4 class=\"sc_icons_item_title\"><span>DROIT DES \u00c9TRANGERS<\/span><\/h4><a href=\"https:\/\/www.splaw.gr\/fr\/\u03b4\u03b9\u03ba\u03b1\u03b9\u03bf-\u03b1\u03bb\u03bb\u03bf\u03b4\u03b1\u03c0\u03c9\u03bd\/\"\n\t\t\t\t\t\tclass=\"sc_icons_item_link\"><\/a><\/div><\/div><\/div><div class=\"trx_addons_column-1_3\"><div class=\"sc_icons_item sc_icons_item_linked\"><div class=\"sc_icons_icon sc_icon_type_ icon-car\"><span class=\"sc_icon_type_ icon-car\"><\/span><\/div><div class=\"sc_icons_item_details\"><h4 class=\"sc_icons_item_title\"><span>ACCIDENTS AUTOMOBILES<\/span><\/h4><a href=\"https:\/\/www.splaw.gr\/fr\/\u03b1\u03c5\u03c4\u03bf\u03ba\u03b9\u03bd\u03b7\u03c4\u03b1-\u03c4\u03c1\u03bf\u03c7\u03b1\u03b9\u03b1-\u03b1\u03c4\u03c5\u03c7\u03b7\u03bc\u03b1\u03c4\u03b1\/\"\n\t\t\t\t\t\tclass=\"sc_icons_item_link\"><\/a><\/div><\/div><\/div><\/div><\/div><!-- \/.sc_icons -->\t\t<\/div>\n\t\t\t\t<\/div>\n\t\t\t\t\t\t<\/div>\n\t\t\t\t\t<\/div>\n\t\t<\/div>\n\t\t\t\t\t\t\t\t<\/div>\n\t\t\t\t\t<\/div>\n\t\t<\/section>\n\t\t\t\t<section class=\"elementor-section elementor-top-section elementor-element elementor-element-00f2d5e elementor-section-full_width elementor-section-height-default elementor-section-height-default\" data-id=\"00f2d5e\" data-element_type=\"section\">\n\t\t\t\t\t\t<div class=\"elementor-container elementor-column-gap-extended\">\n\t\t\t\t\t\t\t<div class=\"elementor-row\">\n\t\t\t\t\t<div class=\"elementor-column elementor-col-100 elementor-top-column elementor-element elementor-element-9d76dad sc_inner_width_none sc_layouts_column_icons_position_left\" data-id=\"9d76dad\" data-element_type=\"column\">\n\t\t\t<div class=\"elementor-column-wrap elementor-element-populated\">\n\t\t\t\t\t\t\t<div class=\"elementor-widget-wrap\">\n\t\t\t\t\t\t<div class=\"elementor-element elementor-element-1ff468f sc_fly_static elementor-widget elementor-widget-spacer\" data-id=\"1ff468f\" data-element_type=\"widget\" data-widget_type=\"spacer.default\">\n\t\t\t\t<div class=\"elementor-widget-container\">\n\t\t\t\t\t<div class=\"elementor-spacer\">\n\t\t\t<div class=\"elementor-spacer-inner\"><\/div>\n\t\t<\/div>\n\t\t\t\t<\/div>\n\t\t\t\t<\/div>\n\t\t\t\t\t\t<\/div>\n\t\t\t\t\t<\/div>\n\t\t<\/div>\n\t\t\t\t\t\t\t\t<\/div>\n\t\t\t\t\t<\/div>\n\t\t<\/section>\n\t\t\t\t\t\t\t\t\t<\/div>\n\t\t\t<\/div>\n\t\t\t\t\t<\/div>","protected":false},"excerpt":{"rendered":"<p>\u03a4\u03bf \u03b3\u03c1\u03b1\u03c6\u03b5\u03af\u03bf \u03bc\u03b1\u03c2 \u03ad\u03c7\u03b5\u03b9 \u03c0\u03bf\u03bb\u03cd \u03bc\u03b5\u03b3\u03ac\u03bb\u03b7 \u03b5\u03bc\u03c0\u03b5\u03b9\u03c1\u03af\u03b1 \u03c3\u03c4\u03bf\u03bd \u03c7\u03b5\u03b9\u03c1\u03b9\u03c3\u03bc\u03cc \u03c5\u03c0\u03bf\u03b8\u03ad\u03c3\u03b5\u03c9\u03bd \u03b1\u03c3\u03c4\u03b9\u03ba\u03bf\u03cd \u03ba\u03b1\u03b9 \u03b4\u03b9\u03ba\u03b1\u03af\u03bf\u03c5 \u03b5\u03bd\u03ce\u03c0\u03b9\u03bf\u03bd \u03bf\u03c0\u03bf\u03b9\u03bf\u03c5\u03b4\u03ae\u03c0\u03bf\u03c4\u03b5 \u03c4\u03b1\u03ba\u03c4\u03b9\u03ba\u03bf\u03cd \u03c0\u03bf\u03bb\u03b9\u03c4\u03b9\u03ba\u03bf\u03cd \u03b4\u03b9\u03ba\u03b1\u03c3\u03c4\u03b7\u03c1\u03af\u03bf\u03c5, \u03ba\u03ac\u03c4\u03b9 \u03c4\u03bf \u03bf\u03c0\u03bf\u03af\u03bf \u03b1\u03c0\u03bf\u03c4\u03b5\u03bb\u03b5\u03af \u03c4\u03b7 \u03b2\u03b1\u03c3\u03b9\u03ba\u03ae \u03b4\u03b9\u03ba\u03b1\u03c3\u03c4\u03b9\u03ba\u03ae \u03c0\u03c1\u03b1\u03ba\u03c4\u03b9\u03ba\u03ae \u03bc\u03b1\u03c2. \u0391\u03bd\u03b1\u03c6\u03bf\u03c1\u03b9\u03ba\u03ac \u03bc\u03b5 \u03c4\u03b7\u03bd \u03b5\u03ba\u03c0\u03c1\u03bf\u03c3\u03ce\u03c0\u03b7\u03c3\u03b7 \u03b5\u03bd\u03ce\u03c0\u03b9\u03bf\u03bd \u03c4\u03c9\u03bd \u03a0\u03bf\u03b9\u03bd\u03b9\u03ba\u03ce\u03bd \u0394\u03b9\u03ba\u03b1\u03c3\u03c4\u03b7\u03c1\u03af\u03c9\u03bd, \u03b1\u03bd\u03b1\u03bb\u03b1\u03bc\u03b2\u03ac\u03bd\u03bf\u03c5\u03bc\u03b5 \u03c4\u03b7\u03bd \u03b5\u03ba\u03c0\u03c1\u03bf\u03c3\u03ce\u03c0\u03b7\u03c3\u03b7 \u03c4\u03c9\u03bd \u03b5\u03bd\u03c4\u03bf\u03bb\u03ad\u03c9\u03bd&hellip;<\/p>","protected":false},"author":990002,"featured_media":0,"parent":0,"menu_order":0,"comment_status":"closed","ping_status":"closed","template":"","meta":[],"aioseo_notices":[],"_links":{"self":[{"href":"https:\/\/www.splaw.gr\/fr\/wp-json\/wp\/v2\/pages\/3362"}],"collection":[{"href":"https:\/\/www.splaw.gr\/fr\/wp-json\/wp\/v2\/pages"}],"about":[{"href":"https:\/\/www.splaw.gr\/fr\/wp-json\/wp\/v2\/types\/page"}],"author":[{"embeddable":true,"href":"https:\/\/www.splaw.gr\/fr\/wp-json\/wp\/v2\/users\/990002"}],"replies":[{"embeddable":true,"href":"https:\/\/www.splaw.gr\/fr\/wp-json\/wp\/v2\/comments?post=3362"}],"version-history":[{"count":45,"href":"https:\/\/www.splaw.gr\/fr\/wp-json\/wp\/v2\/pages\/3362\/revisions"}],"predecessor-version":[{"id":3629,"href":"https:\/\/www.splaw.gr\/fr\/wp-json\/wp\/v2\/pages\/3362\/revisions\/3629"}],"wp:attachment":[{"href":"https:\/\/www.splaw.gr\/fr\/wp-json\/wp\/v2\/media?parent=3362"}],"curies":[{"name":"wp","href":"https:\/\/api.w.org\/{rel}","templated":true}]}}